{"id":62,"date":"2019-01-05T01:17:46","date_gmt":"2019-01-05T01:17:46","guid":{"rendered":"http:\/\/wordpress.davidlouiepiano.com\/?page_id=62"},"modified":"2022-03-22T08:41:05","modified_gmt":"2022-03-22T12:41:05","slug":"repertoire","status":"publish","type":"page","link":"https:\/\/davidlouiepiano.com\/index.php\/bio\/repertoire\/","title":{"rendered":"Repertoire"},"content":{"rendered":"\n<h6 class=\"has-text-align-center has-text-color wp-block-heading\" style=\"color:#691a1a\">(selective list, by genre)<\/h6>\n\n\n\n<h4 class=\"wp-block-heading\">PIANO WITH ORCHESTRA<\/h4>\n\n\n\n<ul class=\"wp-block-list\"><li>Beethoven &#8211; Complete Concertos<\/li><li>Brahms &#8211; First and Second Concertos<\/li><li>Chopin &#8211; First and Second Concertos<\/li><li>Mozart &#8211; Concertos<\/li><li>Rachmaninoff &#8211; Second and Third Concertos, Paganini Rhapsody<\/li><li>Ravel &#8211; Concerto in G major<\/li><li>Schumann &#8211; Concerto in A minor<\/li><\/ul>\n\n\n\n<h4 class=\"wp-block-heading\">SOLO PIANO<\/h4>\n\n\n\n<ul class=\"wp-block-list\"><li>Bart\u00f3k &#8211; Out of Doors and other works<\/li><li>Beethoven &#8211; Complete Late Sonatas and other works<\/li><li>Brahms &#8211; Complete Late Piano Pieces and other works<\/li><li>Chopin &#8211; Complete Ballades, Etudes, Preludes and other works<\/li><li>Debussy &#8211; Complete Etudes and other works<\/li><li>Liszt &#8211; Sonata in B minor and other works<\/li><li>Mozart &#8211; Sonatas and other works<\/li><li>Rachmaninoff &#8211; Second Sonata (original 1913 version) and other works<\/li><li>Ravel &#8211; Gaspard de la nuit, Le Tombeau de Couperin and other works<\/li><li>Schubert &#8211; Impromptus, Moments Musicaux and Last Three Sonatas<\/li><li>Schumann &#8211; Fantasie, Kreisleriana and other works<\/li><\/ul>\n\n\n\n<h4 class=\"wp-block-heading\">SOLO HARPSICHORD<\/h4>\n\n\n\n<ul class=\"wp-block-list\"><li>J. S. Bach &#8211; Goldberg Variations, English and French Suites, Partitas, The Well-Tempered Clavier Books I and II and other works<\/li><li>Chambonni\u00e8res &#8211; Pi\u00e8ces de clavecin<\/li><li>Couperin (Louis and Fran\u00e7ois) &#8211; Pi\u00e8ces de clavecin<\/li><li>Frescobaldi &#8211; Toccate e Partite<\/li><li>Froberger &#8211; Toccatas and Suites<\/li><li>Handel &#8211; Eight Great Suites<\/li><li>Rameau &#8211; Pi\u00e8ces de clavecin, Pi\u00e8ces de clavecin en concerts<\/li><li>D. Scarlatti &#8211; Sonatas<\/li><\/ul>\n\n\n\n<h4 class=\"wp-block-heading\">CHAMBER MUSIC<\/h4>\n\n\n\n<ul class=\"wp-block-list\"><li>Works by composers including Bach, Bartok, Beethoven<a href=\"https:\/\/davidlouiepiano.com\/index.php\/workshop\/\"><mark style=\"background-color:rgba(0, 0, 0, 0)\" class=\"has-inline-color has-black-color\">,<\/mark><\/a> Brahms, Bridge, Debussy, Dohn\u00e1nyi, Dvor\u00e1k, Enescu, Faur\u00e9, Franck, Haydn, Hindemith, Korngold, Mendelssohn, Messiaen, Mozart, Poulenc, Rachmaninoff, Ravel, Respighi, Schoenberg, Schubert, Schumann, Shostakovich, Strauss, Szymanowski, Stravinsky, Tchaikovsky and others<\/li><\/ul>\n","protected":false},"excerpt":{"rendered":"<p>(selective list, by genre) PIANO WITH ORCHESTRA Beethoven &#8211; Complete Concertos Brahms &#8211; First and &hellip; <span class=\"more-button\"><a href=\"https:\/\/davidlouiepiano.com\/index.php\/bio\/repertoire\/\" class=\"more-link\">Continue Reading<span class=\"screen-reader-text\">Repertoire<\/span><\/a><\/span><\/p>\n","protected":false},"author":1,"featured_media":1673,"parent":57,"menu_order":0,"comment_status":"closed","ping_status":"closed","template":"","meta":{"footnotes":""},"class_list":["post-62","page","type-page","status-publish","has-post-thumbnail","hentry"],"_links":{"self":[{"href":"https:\/\/davidlouiepiano.com\/index.php\/wp-json\/wp\/v2\/pages\/62","targetHints":{"allow":["GET"]}}],"collection":[{"href":"https:\/\/davidlouiepiano.com\/index.php\/wp-json\/wp\/v2\/pages"}],"about":[{"href":"https:\/\/davidlouiepiano.com\/index.php\/wp-json\/wp\/v2\/types\/page"}],"author":[{"embeddable":true,"href":"https:\/\/davidlouiepiano.com\/index.php\/wp-json\/wp\/v2\/users\/1"}],"replies":[{"embeddable":true,"href":"https:\/\/davidlouiepiano.com\/index.php\/wp-json\/wp\/v2\/comments?post=62"}],"version-history":[{"count":48,"href":"https:\/\/davidlouiepiano.com\/index.php\/wp-json\/wp\/v2\/pages\/62\/revisions"}],"predecessor-version":[{"id":3796,"href":"https:\/\/davidlouiepiano.com\/index.php\/wp-json\/wp\/v2\/pages\/62\/revisions\/3796"}],"up":[{"embeddable":true,"href":"https:\/\/davidlouiepiano.com\/index.php\/wp-json\/wp\/v2\/pages\/57"}],"wp:featuredmedia":[{"embeddable":true,"href":"https:\/\/davidlouiepiano.com\/index.php\/wp-json\/wp\/v2\/media\/1673"}],"wp:attachment":[{"href":"https:\/\/davidlouiepiano.com\/index.php\/wp-json\/wp\/v2\/media?parent=62"}],"curies":[{"name":"wp","href":"https:\/\/api.w.org\/{rel}","templated":true}]}}